{"id":499,"date":"2024-01-08T15:30:32","date_gmt":"2024-01-08T15:30:32","guid":{"rendered":"https:\/\/b2b001.wpkz.cc\/?page_id=499"},"modified":"2025-01-07T03:51:38","modified_gmt":"2025-01-07T03:51:38","slug":"datenschutzbestimmungen","status":"publish","type":"page","link":"https:\/\/hingesmanufacturers.com\/de\/privacy-policy\/","title":{"rendered":"Datenschutzbestimmungen"},"content":{"rendered":"<p>Auf www.hingesmanufacturers.com (von nun an, wird als hingesmanufacturers.com bezeichnet werden), ist die Privatsph\u00e4re der Besucher von unserem ernsten Interesse. diese Seite der Datenschutzpolitik beschreibt, welche Art von pers\u00f6nlichen Informationen empfangen und gesammelt werden k\u00f6nnen von hingesmanufacturers.com und wie die Informationen verwendet werden.<\/p>\n\n\n\n<p><strong>Suchmaschinen-Anzeigen<\/strong><\/p>\n\n\n\n<p>Um den ROI der Online-Werbung zu maximieren und die Zielkunden zu finden, hat hingesmanufacturers.com einige Tracking-Codes angewandt, die von diesen Suchmaschinen generiert wurden, um die IPs der Nutzer und die Seitenaufrufe zu erfassen.<\/p>\n\n\n\n<p><strong>Gesch\u00e4ftskontaktdaten<\/strong><\/p>\n\n\n\n<p>Wir sammeln alle gesch\u00e4ftlichen Kontaktdaten, die durch E-Mails oder Web-Formulare auf hingesmanufacturers.com von Besuchern gesendet werden. Die Besucheridentifikation und die eingegebenen Kontaktdaten werden ausschlie\u00dflich f\u00fcr den internen Gebrauch von hingesmanufacturers.com aufbewahrt. hingesmanufacturers.com wird die Sicherheit und die ordnungsgem\u00e4\u00dfe Verwendung dieser Daten sicherstellen.<\/p>\n\n\n\n<p><strong>Verwendung von Informationen<\/strong><\/p>\n\n\n\n<p>Wir werden Ihre personenbezogenen Daten nur wie unten beschrieben verwenden, es sei denn, Sie haben einer anderen Art der Verwendung ausdr\u00fccklich zugestimmt, entweder zu dem Zeitpunkt, zu dem die personenbezogenen Daten von Ihnen erhoben werden, oder durch eine andere Form der Zustimmung von Ihnen:<\/p>\n\n\n\n<p>(1) Wir verwenden personenbezogene Daten, um die von Ihnen aufgegebenen Bestellungen auszuf\u00fchren.<\/p>\n\n\n\n<p>2. wir verwenden personenbezogene Daten, um Ihnen die von Ihnen angeforderten Dienstleistungen zu erbringen, z. B. um einen H\u00e4ndler zu erreichen.<\/p>\n\n\n\n<p>(3) Wir werden Ihre personenbezogenen Daten verwenden, um Fragen zu beantworten, die Sie an uns richten.<\/p>\n\n\n\n<p>4. wir werden Ihre personenbezogenen Daten verwenden, um Ihnen von Zeit zu Zeit E-Mails zu senden, z. B. Newsletter und Mitteilungen \u00fcber unsere Werbeaktionen.<\/p>\n\n\n\n<p>(5) Wir k\u00f6nnen personenbezogene Daten offenlegen, wenn dies gesetzlich vorgeschrieben ist oder in einem Gerichtsverfahren verlangt wird.<\/p>\n\n\n\n<p>6. wir k\u00f6nnen pers\u00f6nlich identifizierbare Informationen offenlegen, um mutma\u00dflichen Betrug, Bel\u00e4stigung oder andere Verst\u00f6\u00dfe gegen Gesetze, Regeln oder Vorschriften oder die Bedingungen oder Richtlinien f\u00fcr die Website zu untersuchen.<\/p>\n\n\n\n<p><strong>Abmeldung\/Korrekturen<\/strong><\/p>\n\n\n\n<p>Auf Ihre Anfrage hin werden wir (a) Ihre pers\u00f6nlichen Daten korrigieren oder aktualisieren; (b) den Versand von E-Mails an Ihre E-Mail-Adresse einstellen; und\/oder (c) Ihr Konto deaktivieren, um zuk\u00fcnftige K\u00e4ufe \u00fcber dieses Konto zu verhindern. Sie k\u00f6nnen diese Anfragen im Abschnitt Kundeninformationen stellen oder Ihre Anfrage telefonisch oder per E-Mail an die Kundendienstabteilung von hingesmanufacturers.com unter julius@haitangs.com.Please schicken.<\/p>\n\n\n\n<p><\/p>","protected":false},"excerpt":{"rendered":"<p>On www.hingesmanufacturers.com (from now on,will be referred as hingesmanufacturers.com),visitor privacy is of our serious concern.This privacy policy page describes what kind of personal information may be received and collected by hingesmanufacturers.com and how the information will be used. Search Engine Ads As many other professional sites,hingesmanufacturers.com invest on the internet advertisement.Our advertise partners include Google [&hellip;]<\/p>\n","protected":false},"author":1,"featured_media":0,"parent":0,"menu_order":0,"comment_status":"closed","ping_status":"closed","template":"","meta":{"_acf_changed":false,"_gspb_post_css":"","footnotes":""},"class_list":["post-499","page","type-page","status-publish","hentry"],"blocksy_meta":{"page_structure_type":"type-3","styles_descriptor":{"styles":{"desktop":"","tablet":"","mobile":""},"google_fonts":[],"version":6}},"yoast_head":"<!-- This site is optimized with the Yoast SEO plugin v27.4 - https:\/\/yoast.com\/product\/yoast-seo-wordpress\/ -->\n<title>Privacy Policy - HTAN<\/title>\n<meta name=\"robots\" content=\"index, follow, max-snippet:-1, max-image-preview:large, max-video-preview:-1\" \/>\n<link rel=\"canonical\" href=\"https:\/\/hingesmanufacturers.com\/de\/datenschutzbestimmungen\/\" \/>\n<meta property=\"og:locale\" content=\"de_DE\" \/>\n<meta property=\"og:type\" content=\"article\" \/>\n<meta property=\"og:title\" content=\"Privacy Policy - HTAN\" \/>\n<meta property=\"og:description\" content=\"On www.hingesmanufacturers.com (from now on,will be referred as hingesmanufacturers.com),visitor privacy is of our serious concern.This privacy policy page describes what kind of personal information may be received and collected by hingesmanufacturers.com and how the information will be used. Search Engine Ads As many other professional sites,hingesmanufacturers.com invest on the internet advertisement.Our advertise partners include Google [&hellip;]\" \/>\n<meta property=\"og:url\" content=\"https:\/\/hingesmanufacturers.com\/de\/datenschutzbestimmungen\/\" \/>\n<meta property=\"og:site_name\" content=\"HTAN\" \/>\n<meta property=\"article:modified_time\" content=\"2025-01-07T03:51:38+00:00\" \/>\n<meta name=\"twitter:card\" content=\"summary_large_image\" \/>\n<meta name=\"twitter:label1\" content=\"Gesch\u00e4tzte Lesezeit\" \/>\n\t<meta name=\"twitter:data1\" content=\"2\u00a0Minuten\" \/>\n<script type=\"application\/ld+json\" class=\"yoast-schema-graph\">{\"@context\":\"https:\\\/\\\/schema.org\",\"@graph\":[{\"@type\":\"WebPage\",\"@id\":\"https:\\\/\\\/hingesmanufacturers.com\\\/privacy-policy\\\/\",\"url\":\"https:\\\/\\\/hingesmanufacturers.com\\\/privacy-policy\\\/\",\"name\":\"Privacy Policy - HTAN\",\"isPartOf\":{\"@id\":\"https:\\\/\\\/hingesmanufacturers.com\\\/ko\\\/#website\"},\"datePublished\":\"2024-01-08T15:30:32+00:00\",\"dateModified\":\"2025-01-07T03:51:38+00:00\",\"breadcrumb\":{\"@id\":\"https:\\\/\\\/hingesmanufacturers.com\\\/privacy-policy\\\/#breadcrumb\"},\"inLanguage\":\"de\",\"potentialAction\":[{\"@type\":\"ReadAction\",\"target\":[\"https:\\\/\\\/hingesmanufacturers.com\\\/privacy-policy\\\/\"]}]},{\"@type\":\"BreadcrumbList\",\"@id\":\"https:\\\/\\\/hingesmanufacturers.com\\\/privacy-policy\\\/#breadcrumb\",\"itemListElement\":[{\"@type\":\"ListItem\",\"position\":1,\"name\":\"\u9996\u9875\",\"item\":\"https:\\\/\\\/hingesmanufacturers.com\\\/\"},{\"@type\":\"ListItem\",\"position\":2,\"name\":\"Privacy Policy\"}]},{\"@type\":\"WebSite\",\"@id\":\"https:\\\/\\\/hingesmanufacturers.com\\\/ko\\\/#website\",\"url\":\"https:\\\/\\\/hingesmanufacturers.com\\\/ko\\\/\",\"name\":\"HTAN\",\"description\":\"Industrial frame parts solution supplier\",\"publisher\":{\"@id\":\"https:\\\/\\\/hingesmanufacturers.com\\\/ko\\\/#organization\"},\"potentialAction\":[{\"@type\":\"SearchAction\",\"target\":{\"@type\":\"EntryPoint\",\"urlTemplate\":\"https:\\\/\\\/hingesmanufacturers.com\\\/ko\\\/?s={search_term_string}\"},\"query-input\":{\"@type\":\"PropertyValueSpecification\",\"valueRequired\":true,\"valueName\":\"search_term_string\"}}],\"inLanguage\":\"de\"},{\"@type\":\"Organization\",\"@id\":\"https:\\\/\\\/hingesmanufacturers.com\\\/ko\\\/#organization\",\"name\":\"HTAN\",\"url\":\"https:\\\/\\\/hingesmanufacturers.com\\\/ko\\\/\",\"logo\":{\"@type\":\"ImageObject\",\"inLanguage\":\"de\",\"@id\":\"https:\\\/\\\/hingesmanufacturers.com\\\/ko\\\/#\\\/schema\\\/logo\\\/image\\\/\",\"url\":\"https:\\\/\\\/hingesmanufacturers.com\\\/wp-content\\\/uploads\\\/2024\\\/11\\\/weibiaoti1.png\",\"contentUrl\":\"https:\\\/\\\/hingesmanufacturers.com\\\/wp-content\\\/uploads\\\/2024\\\/11\\\/weibiaoti1.png\",\"width\":168,\"height\":57,\"caption\":\"HTAN\"},\"image\":{\"@id\":\"https:\\\/\\\/hingesmanufacturers.com\\\/ko\\\/#\\\/schema\\\/logo\\\/image\\\/\"}}]}<\/script>\n<!-- \/ Yoast SEO plugin. -->","yoast_head_json":{"title":"Datenschutzrichtlinie - HTAN","robots":{"index":"index","follow":"follow","max-snippet":"max-snippet:-1","max-image-preview":"max-image-preview:large","max-video-preview":"max-video-preview:-1"},"canonical":"https:\/\/hingesmanufacturers.com\/de\/datenschutzbestimmungen\/","og_locale":"de_DE","og_type":"article","og_title":"Privacy Policy - HTAN","og_description":"On www.hingesmanufacturers.com (from now on,will be referred as hingesmanufacturers.com),visitor privacy is of our serious concern.This privacy policy page describes what kind of personal information may be received and collected by hingesmanufacturers.com and how the information will be used. Search Engine Ads As many other professional sites,hingesmanufacturers.com invest on the internet advertisement.Our advertise partners include Google [&hellip;]","og_url":"https:\/\/hingesmanufacturers.com\/de\/datenschutzbestimmungen\/","og_site_name":"HTAN","article_modified_time":"2025-01-07T03:51:38+00:00","twitter_card":"summary_large_image","twitter_misc":{"Gesch\u00e4tzte Lesezeit":"2\u00a0Minuten"},"schema":{"@context":"https:\/\/schema.org","@graph":[{"@type":"WebPage","@id":"https:\/\/hingesmanufacturers.com\/privacy-policy\/","url":"https:\/\/hingesmanufacturers.com\/privacy-policy\/","name":"Datenschutzrichtlinie - HTAN","isPartOf":{"@id":"https:\/\/hingesmanufacturers.com\/ko\/#website"},"datePublished":"2024-01-08T15:30:32+00:00","dateModified":"2025-01-07T03:51:38+00:00","breadcrumb":{"@id":"https:\/\/hingesmanufacturers.com\/privacy-policy\/#breadcrumb"},"inLanguage":"de","potentialAction":[{"@type":"ReadAction","target":["https:\/\/hingesmanufacturers.com\/privacy-policy\/"]}]},{"@type":"BreadcrumbList","@id":"https:\/\/hingesmanufacturers.com\/privacy-policy\/#breadcrumb","itemListElement":[{"@type":"ListItem","position":1,"name":"\u9996\u9875","item":"https:\/\/hingesmanufacturers.com\/"},{"@type":"ListItem","position":2,"name":"Privacy Policy"}]},{"@type":"WebSite","@id":"https:\/\/hingesmanufacturers.com\/ko\/#website","url":"https:\/\/hingesmanufacturers.com\/ko\/","name":"HTAN","description":"Anbieter von L\u00f6sungen f\u00fcr industrielle Rahmenteile","publisher":{"@id":"https:\/\/hingesmanufacturers.com\/ko\/#organization"},"potentialAction":[{"@type":"SearchAction","target":{"@type":"EntryPoint","urlTemplate":"https:\/\/hingesmanufacturers.com\/ko\/?s={search_term_string}"},"query-input":{"@type":"PropertyValueSpecification","valueRequired":true,"valueName":"search_term_string"}}],"inLanguage":"de"},{"@type":"Organization","@id":"https:\/\/hingesmanufacturers.com\/ko\/#organization","name":"HTAN","url":"https:\/\/hingesmanufacturers.com\/ko\/","logo":{"@type":"ImageObject","inLanguage":"de","@id":"https:\/\/hingesmanufacturers.com\/ko\/#\/schema\/logo\/image\/","url":"https:\/\/hingesmanufacturers.com\/wp-content\/uploads\/2024\/11\/weibiaoti1.png","contentUrl":"https:\/\/hingesmanufacturers.com\/wp-content\/uploads\/2024\/11\/weibiaoti1.png","width":168,"height":57,"caption":"HTAN"},"image":{"@id":"https:\/\/hingesmanufacturers.com\/ko\/#\/schema\/logo\/image\/"}}]}},"acf":[],"_links":{"self":[{"href":"https:\/\/hingesmanufacturers.com\/de\/wp-json\/wp\/v2\/pages\/499","targetHints":{"allow":["GET"]}}],"collection":[{"href":"https:\/\/hingesmanufacturers.com\/de\/wp-json\/wp\/v2\/pages"}],"about":[{"href":"https:\/\/hingesmanufacturers.com\/de\/wp-json\/wp\/v2\/types\/page"}],"author":[{"embeddable":true,"href":"https:\/\/hingesmanufacturers.com\/de\/wp-json\/wp\/v2\/users\/1"}],"replies":[{"embeddable":true,"href":"https:\/\/hingesmanufacturers.com\/de\/wp-json\/wp\/v2\/comments?post=499"}],"version-history":[{"count":8,"href":"https:\/\/hingesmanufacturers.com\/de\/wp-json\/wp\/v2\/pages\/499\/revisions"}],"predecessor-version":[{"id":4793,"href":"https:\/\/hingesmanufacturers.com\/de\/wp-json\/wp\/v2\/pages\/499\/revisions\/4793"}],"wp:attachment":[{"href":"https:\/\/hingesmanufacturers.com\/de\/wp-json\/wp\/v2\/media?parent=499"}],"curies":[{"name":"wp","href":"https:\/\/api.w.org\/{rel}","templated":true}]}}