{"id":499,"date":"2024-01-08T15:30:32","date_gmt":"2024-01-08T15:30:32","guid":{"rendered":"https:\/\/b2b001.wpkz.cc\/?page_id=499"},"modified":"2025-01-07T03:51:38","modified_gmt":"2025-01-07T03:51:38","slug":"politica-de-privacidad","status":"publish","type":"page","link":"https:\/\/hingesmanufacturers.com\/es\/privacy-policy\/","title":{"rendered":"Pol\u00edtica de privacidad"},"content":{"rendered":"<p>En www.hingesmanufacturers.com (a partir de ahora, hingesmanufacturers.com), la privacidad de los visitantes es nuestra mayor preocupaci\u00f3n. Esta p\u00e1gina de pol\u00edtica de privacidad describe qu\u00e9 tipo de informaci\u00f3n personal puede recibir y recopilar hingesmanufacturers.com y c\u00f3mo se utilizar\u00e1 dicha informaci\u00f3n.<\/p>\n\n\n\n<p><strong>Anuncios en buscadores<\/strong><\/p>\n\n\n\n<p>Como muchos otros sitios profesionales, hingesmanufacturers.com invierte en la publicidad en Internet. Nuestros socios publicitarios incluyen Google Ads. Con el fin de maximizar el ROI de la publicidad en l\u00ednea y encontrar clientes objetivo, hingesmanufacturers.com aplica algunos c\u00f3digos de seguimiento generados por los motores de b\u00fasqueda para registrar las IP de los usuarios y los flujos de visualizaci\u00f3n de la p\u00e1gina.<\/p>\n\n\n\n<p><strong>Datos de contacto de la empresa<\/strong><\/p>\n\n\n\n<p>Recopilamos todos los datos de contacto comerciales enviados a trav\u00e9s de correos electr\u00f3nicos o formularios web en hingesmanufacturers.com de los visitantes.La identificaci\u00f3n del visitante y los datos relacionados con el contacto introducidos se mantendr\u00e1n estrictamente para uso interno de hingesmanufacturers.com.hingesmanufacturers.com garantizar\u00e1 la seguridad y el uso adecuado de esos datos.<\/p>\n\n\n\n<p><strong>Uso de la informaci\u00f3n<\/strong><\/p>\n\n\n\n<p>S\u00f3lo utilizaremos su informaci\u00f3n personal identificable como se describe a continuaci\u00f3n, a menos que usted haya consentido espec\u00edficamente a otro tipo de uso, ya sea en el momento en que la informaci\u00f3n personal identificable se recoge de usted o a trav\u00e9s de alguna otra forma de consentimiento de usted:<\/p>\n\n\n\n<p>1.Utilizaremos la informaci\u00f3n de identificaci\u00f3n personal para completar los pedidos que haya realizado.<\/p>\n\n\n\n<p>2.Utilizaremos la informaci\u00f3n personal para prestarle los servicios espec\u00edficos que haya solicitado, como por ejemplo contactar con un minorista.<\/p>\n\n\n\n<p>3.Utilizaremos sus datos personales para responder a las preguntas que nos env\u00ede.<\/p>\n\n\n\n<p>4. Utilizaremos su informaci\u00f3n personal identificable para enviarle correos electr\u00f3nicos de vez en cuando, como boletines informativos y avisos sobre nuestras promociones.<\/p>\n\n\n\n<p>5.Podemos revelar informaci\u00f3n personal identificable si as\u00ed lo exige la ley o un proceso legal.<\/p>\n\n\n\n<p>6. Podemos revelar informaci\u00f3n de identificaci\u00f3n personal para investigar sospechas de fraude, acoso u otras infracciones de cualquier ley, norma o reglamento, o de las condiciones o pol\u00edticas del sitio web.<\/p>\n\n\n\n<p><strong>Exclusi\u00f3n voluntaria\/Correcciones<\/strong><\/p>\n\n\n\n<p>Si lo solicita, (a) corregiremos o actualizaremos su informaci\u00f3n personal; (b) dejaremos de enviarle correos electr\u00f3nicos a su direcci\u00f3n de correo electr\u00f3nico; y\/o (c) desactivaremos su cuenta para evitar futuras compras a trav\u00e9s de la misma. Puede realizar estas solicitudes en la secci\u00f3n de informaci\u00f3n al cliente, o llamando por tel\u00e9fono o enviando un correo electr\u00f3nico al departamento de Atenci\u00f3n al cliente de hingesmanufacturers.com a julius@haitangs.com.Please. No env\u00ede por correo electr\u00f3nico su n\u00famero de tarjeta de cr\u00e9dito u otra informaci\u00f3n confidencial.<\/p>\n\n\n\n<p><\/p>","protected":false},"excerpt":{"rendered":"<p>On www.hingesmanufacturers.com (from now on,will be referred as hingesmanufacturers.com),visitor privacy is of our serious concern.This privacy policy page describes what kind of personal information may be received and collected by hingesmanufacturers.com and how the information will be used. Search Engine Ads As many other professional sites,hingesmanufacturers.com invest on the internet advertisement.Our advertise partners include Google [&hellip;]<\/p>\n","protected":false},"author":1,"featured_media":0,"parent":0,"menu_order":0,"comment_status":"closed","ping_status":"closed","template":"","meta":{"_acf_changed":false,"_gspb_post_css":"","footnotes":""},"class_list":["post-499","page","type-page","status-publish","hentry"],"blocksy_meta":{"page_structure_type":"type-3","styles_descriptor":{"styles":{"desktop":"","tablet":"","mobile":""},"google_fonts":[],"version":6}},"yoast_head":"<!-- This site is optimized with the Yoast SEO plugin v27.4 - https:\/\/yoast.com\/product\/yoast-seo-wordpress\/ -->\n<title>Privacy Policy - HTAN<\/title>\n<meta name=\"robots\" content=\"index, follow, max-snippet:-1, max-image-preview:large, max-video-preview:-1\" \/>\n<link rel=\"canonical\" href=\"https:\/\/hingesmanufacturers.com\/es\/politica-de-privacidad\/\" \/>\n<meta property=\"og:locale\" content=\"es_ES\" \/>\n<meta property=\"og:type\" content=\"article\" \/>\n<meta property=\"og:title\" content=\"Privacy Policy - HTAN\" \/>\n<meta property=\"og:description\" content=\"On www.hingesmanufacturers.com (from now on,will be referred as hingesmanufacturers.com),visitor privacy is of our serious concern.This privacy policy page describes what kind of personal information may be received and collected by hingesmanufacturers.com and how the information will be used. Search Engine Ads As many other professional sites,hingesmanufacturers.com invest on the internet advertisement.Our advertise partners include Google [&hellip;]\" \/>\n<meta property=\"og:url\" content=\"https:\/\/hingesmanufacturers.com\/es\/politica-de-privacidad\/\" \/>\n<meta property=\"og:site_name\" content=\"HTAN\" \/>\n<meta property=\"article:modified_time\" content=\"2025-01-07T03:51:38+00:00\" \/>\n<meta name=\"twitter:card\" content=\"summary_large_image\" \/>\n<meta name=\"twitter:label1\" content=\"Tiempo de lectura\" \/>\n\t<meta name=\"twitter:data1\" content=\"2 minutos\" \/>\n<script type=\"application\/ld+json\" class=\"yoast-schema-graph\">{\"@context\":\"https:\\\/\\\/schema.org\",\"@graph\":[{\"@type\":\"WebPage\",\"@id\":\"https:\\\/\\\/hingesmanufacturers.com\\\/privacy-policy\\\/\",\"url\":\"https:\\\/\\\/hingesmanufacturers.com\\\/privacy-policy\\\/\",\"name\":\"Privacy Policy - HTAN\",\"isPartOf\":{\"@id\":\"https:\\\/\\\/hingesmanufacturers.com\\\/ko\\\/#website\"},\"datePublished\":\"2024-01-08T15:30:32+00:00\",\"dateModified\":\"2025-01-07T03:51:38+00:00\",\"breadcrumb\":{\"@id\":\"https:\\\/\\\/hingesmanufacturers.com\\\/privacy-policy\\\/#breadcrumb\"},\"inLanguage\":\"es\",\"potentialAction\":[{\"@type\":\"ReadAction\",\"target\":[\"https:\\\/\\\/hingesmanufacturers.com\\\/privacy-policy\\\/\"]}]},{\"@type\":\"BreadcrumbList\",\"@id\":\"https:\\\/\\\/hingesmanufacturers.com\\\/privacy-policy\\\/#breadcrumb\",\"itemListElement\":[{\"@type\":\"ListItem\",\"position\":1,\"name\":\"\u9996\u9875\",\"item\":\"https:\\\/\\\/hingesmanufacturers.com\\\/\"},{\"@type\":\"ListItem\",\"position\":2,\"name\":\"Privacy Policy\"}]},{\"@type\":\"WebSite\",\"@id\":\"https:\\\/\\\/hingesmanufacturers.com\\\/ko\\\/#website\",\"url\":\"https:\\\/\\\/hingesmanufacturers.com\\\/ko\\\/\",\"name\":\"HTAN\",\"description\":\"Industrial frame parts solution supplier\",\"publisher\":{\"@id\":\"https:\\\/\\\/hingesmanufacturers.com\\\/ko\\\/#organization\"},\"potentialAction\":[{\"@type\":\"SearchAction\",\"target\":{\"@type\":\"EntryPoint\",\"urlTemplate\":\"https:\\\/\\\/hingesmanufacturers.com\\\/ko\\\/?s={search_term_string}\"},\"query-input\":{\"@type\":\"PropertyValueSpecification\",\"valueRequired\":true,\"valueName\":\"search_term_string\"}}],\"inLanguage\":\"es\"},{\"@type\":\"Organization\",\"@id\":\"https:\\\/\\\/hingesmanufacturers.com\\\/ko\\\/#organization\",\"name\":\"HTAN\",\"url\":\"https:\\\/\\\/hingesmanufacturers.com\\\/ko\\\/\",\"logo\":{\"@type\":\"ImageObject\",\"inLanguage\":\"es\",\"@id\":\"https:\\\/\\\/hingesmanufacturers.com\\\/ko\\\/#\\\/schema\\\/logo\\\/image\\\/\",\"url\":\"https:\\\/\\\/hingesmanufacturers.com\\\/wp-content\\\/uploads\\\/2024\\\/11\\\/weibiaoti1.png\",\"contentUrl\":\"https:\\\/\\\/hingesmanufacturers.com\\\/wp-content\\\/uploads\\\/2024\\\/11\\\/weibiaoti1.png\",\"width\":168,\"height\":57,\"caption\":\"HTAN\"},\"image\":{\"@id\":\"https:\\\/\\\/hingesmanufacturers.com\\\/ko\\\/#\\\/schema\\\/logo\\\/image\\\/\"}}]}<\/script>\n<!-- \/ Yoast SEO plugin. -->","yoast_head_json":{"title":"Pol\u00edtica de privacidad - HTAN","robots":{"index":"index","follow":"follow","max-snippet":"max-snippet:-1","max-image-preview":"max-image-preview:large","max-video-preview":"max-video-preview:-1"},"canonical":"https:\/\/hingesmanufacturers.com\/es\/politica-de-privacidad\/","og_locale":"es_ES","og_type":"article","og_title":"Privacy Policy - HTAN","og_description":"On www.hingesmanufacturers.com (from now on,will be referred as hingesmanufacturers.com),visitor privacy is of our serious concern.This privacy policy page describes what kind of personal information may be received and collected by hingesmanufacturers.com and how the information will be used. Search Engine Ads As many other professional sites,hingesmanufacturers.com invest on the internet advertisement.Our advertise partners include Google [&hellip;]","og_url":"https:\/\/hingesmanufacturers.com\/es\/politica-de-privacidad\/","og_site_name":"HTAN","article_modified_time":"2025-01-07T03:51:38+00:00","twitter_card":"summary_large_image","twitter_misc":{"Tiempo de lectura":"2 minutos"},"schema":{"@context":"https:\/\/schema.org","@graph":[{"@type":"WebPage","@id":"https:\/\/hingesmanufacturers.com\/privacy-policy\/","url":"https:\/\/hingesmanufacturers.com\/privacy-policy\/","name":"Pol\u00edtica de privacidad - HTAN","isPartOf":{"@id":"https:\/\/hingesmanufacturers.com\/ko\/#website"},"datePublished":"2024-01-08T15:30:32+00:00","dateModified":"2025-01-07T03:51:38+00:00","breadcrumb":{"@id":"https:\/\/hingesmanufacturers.com\/privacy-policy\/#breadcrumb"},"inLanguage":"es","potentialAction":[{"@type":"ReadAction","target":["https:\/\/hingesmanufacturers.com\/privacy-policy\/"]}]},{"@type":"BreadcrumbList","@id":"https:\/\/hingesmanufacturers.com\/privacy-policy\/#breadcrumb","itemListElement":[{"@type":"ListItem","position":1,"name":"\u9996\u9875","item":"https:\/\/hingesmanufacturers.com\/"},{"@type":"ListItem","position":2,"name":"Privacy Policy"}]},{"@type":"WebSite","@id":"https:\/\/hingesmanufacturers.com\/ko\/#website","url":"https:\/\/hingesmanufacturers.com\/ko\/","name":"HTAN","description":"Proveedor de soluciones para bastidores industriales","publisher":{"@id":"https:\/\/hingesmanufacturers.com\/ko\/#organization"},"potentialAction":[{"@type":"SearchAction","target":{"@type":"EntryPoint","urlTemplate":"https:\/\/hingesmanufacturers.com\/ko\/?s={search_term_string}"},"query-input":{"@type":"PropertyValueSpecification","valueRequired":true,"valueName":"search_term_string"}}],"inLanguage":"es"},{"@type":"Organization","@id":"https:\/\/hingesmanufacturers.com\/ko\/#organization","name":"HTAN","url":"https:\/\/hingesmanufacturers.com\/ko\/","logo":{"@type":"ImageObject","inLanguage":"es","@id":"https:\/\/hingesmanufacturers.com\/ko\/#\/schema\/logo\/image\/","url":"https:\/\/hingesmanufacturers.com\/wp-content\/uploads\/2024\/11\/weibiaoti1.png","contentUrl":"https:\/\/hingesmanufacturers.com\/wp-content\/uploads\/2024\/11\/weibiaoti1.png","width":168,"height":57,"caption":"HTAN"},"image":{"@id":"https:\/\/hingesmanufacturers.com\/ko\/#\/schema\/logo\/image\/"}}]}},"acf":[],"_links":{"self":[{"href":"https:\/\/hingesmanufacturers.com\/es\/wp-json\/wp\/v2\/pages\/499","targetHints":{"allow":["GET"]}}],"collection":[{"href":"https:\/\/hingesmanufacturers.com\/es\/wp-json\/wp\/v2\/pages"}],"about":[{"href":"https:\/\/hingesmanufacturers.com\/es\/wp-json\/wp\/v2\/types\/page"}],"author":[{"embeddable":true,"href":"https:\/\/hingesmanufacturers.com\/es\/wp-json\/wp\/v2\/users\/1"}],"replies":[{"embeddable":true,"href":"https:\/\/hingesmanufacturers.com\/es\/wp-json\/wp\/v2\/comments?post=499"}],"version-history":[{"count":8,"href":"https:\/\/hingesmanufacturers.com\/es\/wp-json\/wp\/v2\/pages\/499\/revisions"}],"predecessor-version":[{"id":4793,"href":"https:\/\/hingesmanufacturers.com\/es\/wp-json\/wp\/v2\/pages\/499\/revisions\/4793"}],"wp:attachment":[{"href":"https:\/\/hingesmanufacturers.com\/es\/wp-json\/wp\/v2\/media?parent=499"}],"curies":[{"name":"wp","href":"https:\/\/api.w.org\/{rel}","templated":true}]}}