{"id":499,"date":"2024-01-08T15:30:32","date_gmt":"2024-01-08T15:30:32","guid":{"rendered":"https:\/\/b2b001.wpkz.cc\/?page_id=499"},"modified":"2025-01-07T03:51:38","modified_gmt":"2025-01-07T03:51:38","slug":"politique-de-confidentialite","status":"publish","type":"page","link":"https:\/\/hingesmanufacturers.com\/fr\/privacy-policy\/","title":{"rendered":"Politique de confidentialit\u00e9"},"content":{"rendered":"<p>Sur www.hingesmanufacturers.com (dor\u00e9navant appel\u00e9 hingesmanufacturers.com), la protection de la vie priv\u00e9e des visiteurs est au centre de nos pr\u00e9occupations. Cette page de politique de confidentialit\u00e9 d\u00e9crit le type d'informations personnelles qui peuvent \u00eatre re\u00e7ues et collect\u00e9es par hingesmanufacturers.com et la mani\u00e8re dont ces informations seront utilis\u00e9es.<\/p>\n\n\n\n<p><strong>Annonces sur les moteurs de recherche<\/strong><\/p>\n\n\n\n<p>Afin de maximiser le retour sur investissement de la publicit\u00e9 en ligne et de trouver des clients cibles, hingesmanufacturers.com a appliqu\u00e9 certains codes de suivi g\u00e9n\u00e9r\u00e9s par ces moteurs de recherche pour enregistrer les adresses IP des utilisateurs et les flux de visualisation des pages.<\/p>\n\n\n\n<p><strong>Donn\u00e9es sur les contacts professionnels<\/strong><\/p>\n\n\n\n<p>Les donn\u00e9es d'identification des visiteurs et les donn\u00e9es relatives aux contacts saisis seront conserv\u00e9es strictement pour l'usage interne de hingesmanufacturers.com. hingesmanufacturers.com s'assurera de la s\u00e9curit\u00e9 et de l'utilisation correcte de ces donn\u00e9es.<\/p>\n\n\n\n<p><strong>Utilisation de l'information<\/strong><\/p>\n\n\n\n<p>Nous n'utiliserons vos informations personnelles identifiables que de la mani\u00e8re d\u00e9crite ci-dessous, \u00e0 moins que vous n'ayez sp\u00e9cifiquement consenti \u00e0 un autre type d'utilisation, soit au moment o\u00f9 les informations personnelles identifiables sont collect\u00e9es aupr\u00e8s de vous, soit par le biais d'une autre forme de consentement de votre part :<\/p>\n\n\n\n<p>1. nous utiliserons les informations personnelles identifiables pour traiter les commandes que vous avez pass\u00e9es.<\/p>\n\n\n\n<p>2. nous utiliserons les informations personnelles identifiables pour vous fournir les services sp\u00e9cifiques que vous avez demand\u00e9s, par exemple pour contacter un d\u00e9taillant.<\/p>\n\n\n\n<p>3. nous utiliserons vos informations personnelles identifiables pour r\u00e9pondre aux questions que vous nous envoyez.<\/p>\n\n\n\n<p>4. nous utiliserons vos informations personnelles identifiables pour vous envoyer de temps \u00e0 autre des courriels, tels que des bulletins d'information et des avis sur nos promotions.<\/p>\n\n\n\n<p>5. nous pouvons divulguer des informations personnellement identifiables si la loi ou une proc\u00e9dure judiciaire l'exige.<\/p>\n\n\n\n<p>6. nous pouvons divulguer des informations personnellement identifiables pour enqu\u00eater sur des suspicions de fraude, de harc\u00e8lement ou d'autres violations de toute loi, r\u00e8gle ou r\u00e9glementation, ou des conditions ou politiques du site web.<\/p>\n\n\n\n<p><strong>Opt Out\/Corrections<\/strong><\/p>\n\n\n\n<p>\u00c0 votre demande, nous (a) corrigerons ou mettrons \u00e0 jour vos renseignements personnels ; (b) cesserons d'envoyer des courriels \u00e0 votre adresse \u00e9lectronique ; et\/ou (c) d\u00e9sactiverons votre compte afin d'emp\u00eacher tout achat futur par l'entremise de ce compte.Vous pouvez faire ces demandes \u00e0 la section des renseignements sur les clients, ou en t\u00e9l\u00e9phonant ou en envoyant un courriel au service de soutien \u00e0 la client\u00e8le de hingesmanufacturers.com \u00e0 julius@haitangs.com.Please. N'envoyez pas par courriel votre num\u00e9ro de carte de cr\u00e9dit ou d'autres renseignements de nature d\u00e9licate.<\/p>\n\n\n\n<p><\/p>","protected":false},"excerpt":{"rendered":"<p>On www.hingesmanufacturers.com (from now on,will be referred as hingesmanufacturers.com),visitor privacy is of our serious concern.This privacy policy page describes what kind of personal information may be received and collected by hingesmanufacturers.com and how the information will be used. Search Engine Ads As many other professional sites,hingesmanufacturers.com invest on the internet advertisement.Our advertise partners include Google [&hellip;]<\/p>\n","protected":false},"author":1,"featured_media":0,"parent":0,"menu_order":0,"comment_status":"closed","ping_status":"closed","template":"","meta":{"_acf_changed":false,"_gspb_post_css":"","footnotes":""},"class_list":["post-499","page","type-page","status-publish","hentry"],"blocksy_meta":{"page_structure_type":"type-3","styles_descriptor":{"styles":{"desktop":"","tablet":"","mobile":""},"google_fonts":[],"version":6}},"yoast_head":"<!-- This site is optimized with the Yoast SEO plugin v27.4 - https:\/\/yoast.com\/product\/yoast-seo-wordpress\/ -->\n<title>Privacy Policy - HTAN<\/title>\n<meta name=\"robots\" content=\"index, follow, max-snippet:-1, max-image-preview:large, max-video-preview:-1\" \/>\n<link rel=\"canonical\" href=\"https:\/\/hingesmanufacturers.com\/fr\/politique-de-confidentialite\/\" \/>\n<meta property=\"og:locale\" content=\"fr_FR\" \/>\n<meta property=\"og:type\" content=\"article\" \/>\n<meta property=\"og:title\" content=\"Privacy Policy - HTAN\" \/>\n<meta property=\"og:description\" content=\"On www.hingesmanufacturers.com (from now on,will be referred as hingesmanufacturers.com),visitor privacy is of our serious concern.This privacy policy page describes what kind of personal information may be received and collected by hingesmanufacturers.com and how the information will be used. Search Engine Ads As many other professional sites,hingesmanufacturers.com invest on the internet advertisement.Our advertise partners include Google [&hellip;]\" \/>\n<meta property=\"og:url\" content=\"https:\/\/hingesmanufacturers.com\/fr\/politique-de-confidentialite\/\" \/>\n<meta property=\"og:site_name\" content=\"HTAN\" \/>\n<meta property=\"article:modified_time\" content=\"2025-01-07T03:51:38+00:00\" \/>\n<meta name=\"twitter:card\" content=\"summary_large_image\" \/>\n<meta name=\"twitter:label1\" content=\"Dur\u00e9e de lecture estim\u00e9e\" \/>\n\t<meta name=\"twitter:data1\" content=\"2 minutes\" \/>\n<script type=\"application\/ld+json\" class=\"yoast-schema-graph\">{\"@context\":\"https:\\\/\\\/schema.org\",\"@graph\":[{\"@type\":\"WebPage\",\"@id\":\"https:\\\/\\\/hingesmanufacturers.com\\\/privacy-policy\\\/\",\"url\":\"https:\\\/\\\/hingesmanufacturers.com\\\/privacy-policy\\\/\",\"name\":\"Privacy Policy - HTAN\",\"isPartOf\":{\"@id\":\"https:\\\/\\\/hingesmanufacturers.com\\\/ko\\\/#website\"},\"datePublished\":\"2024-01-08T15:30:32+00:00\",\"dateModified\":\"2025-01-07T03:51:38+00:00\",\"breadcrumb\":{\"@id\":\"https:\\\/\\\/hingesmanufacturers.com\\\/privacy-policy\\\/#breadcrumb\"},\"inLanguage\":\"fr-FR\",\"potentialAction\":[{\"@type\":\"ReadAction\",\"target\":[\"https:\\\/\\\/hingesmanufacturers.com\\\/privacy-policy\\\/\"]}]},{\"@type\":\"BreadcrumbList\",\"@id\":\"https:\\\/\\\/hingesmanufacturers.com\\\/privacy-policy\\\/#breadcrumb\",\"itemListElement\":[{\"@type\":\"ListItem\",\"position\":1,\"name\":\"\u9996\u9875\",\"item\":\"https:\\\/\\\/hingesmanufacturers.com\\\/\"},{\"@type\":\"ListItem\",\"position\":2,\"name\":\"Privacy Policy\"}]},{\"@type\":\"WebSite\",\"@id\":\"https:\\\/\\\/hingesmanufacturers.com\\\/ko\\\/#website\",\"url\":\"https:\\\/\\\/hingesmanufacturers.com\\\/ko\\\/\",\"name\":\"HTAN\",\"description\":\"Industrial frame parts solution supplier\",\"publisher\":{\"@id\":\"https:\\\/\\\/hingesmanufacturers.com\\\/ko\\\/#organization\"},\"potentialAction\":[{\"@type\":\"SearchAction\",\"target\":{\"@type\":\"EntryPoint\",\"urlTemplate\":\"https:\\\/\\\/hingesmanufacturers.com\\\/ko\\\/?s={search_term_string}\"},\"query-input\":{\"@type\":\"PropertyValueSpecification\",\"valueRequired\":true,\"valueName\":\"search_term_string\"}}],\"inLanguage\":\"fr-FR\"},{\"@type\":\"Organization\",\"@id\":\"https:\\\/\\\/hingesmanufacturers.com\\\/ko\\\/#organization\",\"name\":\"HTAN\",\"url\":\"https:\\\/\\\/hingesmanufacturers.com\\\/ko\\\/\",\"logo\":{\"@type\":\"ImageObject\",\"inLanguage\":\"fr-FR\",\"@id\":\"https:\\\/\\\/hingesmanufacturers.com\\\/ko\\\/#\\\/schema\\\/logo\\\/image\\\/\",\"url\":\"https:\\\/\\\/hingesmanufacturers.com\\\/wp-content\\\/uploads\\\/2024\\\/11\\\/weibiaoti1.png\",\"contentUrl\":\"https:\\\/\\\/hingesmanufacturers.com\\\/wp-content\\\/uploads\\\/2024\\\/11\\\/weibiaoti1.png\",\"width\":168,\"height\":57,\"caption\":\"HTAN\"},\"image\":{\"@id\":\"https:\\\/\\\/hingesmanufacturers.com\\\/ko\\\/#\\\/schema\\\/logo\\\/image\\\/\"}}]}<\/script>\n<!-- \/ Yoast SEO plugin. -->","yoast_head_json":{"title":"Politique de confidentialit\u00e9 - HTAN","robots":{"index":"index","follow":"follow","max-snippet":"max-snippet:-1","max-image-preview":"max-image-preview:large","max-video-preview":"max-video-preview:-1"},"canonical":"https:\/\/hingesmanufacturers.com\/fr\/politique-de-confidentialite\/","og_locale":"fr_FR","og_type":"article","og_title":"Privacy Policy - HTAN","og_description":"On www.hingesmanufacturers.com (from now on,will be referred as hingesmanufacturers.com),visitor privacy is of our serious concern.This privacy policy page describes what kind of personal information may be received and collected by hingesmanufacturers.com and how the information will be used. Search Engine Ads As many other professional sites,hingesmanufacturers.com invest on the internet advertisement.Our advertise partners include Google [&hellip;]","og_url":"https:\/\/hingesmanufacturers.com\/fr\/politique-de-confidentialite\/","og_site_name":"HTAN","article_modified_time":"2025-01-07T03:51:38+00:00","twitter_card":"summary_large_image","twitter_misc":{"Dur\u00e9e de lecture estim\u00e9e":"2 minutes"},"schema":{"@context":"https:\/\/schema.org","@graph":[{"@type":"WebPage","@id":"https:\/\/hingesmanufacturers.com\/privacy-policy\/","url":"https:\/\/hingesmanufacturers.com\/privacy-policy\/","name":"Politique de confidentialit\u00e9 - HTAN","isPartOf":{"@id":"https:\/\/hingesmanufacturers.com\/ko\/#website"},"datePublished":"2024-01-08T15:30:32+00:00","dateModified":"2025-01-07T03:51:38+00:00","breadcrumb":{"@id":"https:\/\/hingesmanufacturers.com\/privacy-policy\/#breadcrumb"},"inLanguage":"fr-FR","potentialAction":[{"@type":"ReadAction","target":["https:\/\/hingesmanufacturers.com\/privacy-policy\/"]}]},{"@type":"BreadcrumbList","@id":"https:\/\/hingesmanufacturers.com\/privacy-policy\/#breadcrumb","itemListElement":[{"@type":"ListItem","position":1,"name":"\u9996\u9875","item":"https:\/\/hingesmanufacturers.com\/"},{"@type":"ListItem","position":2,"name":"Privacy Policy"}]},{"@type":"WebSite","@id":"https:\/\/hingesmanufacturers.com\/ko\/#website","url":"https:\/\/hingesmanufacturers.com\/ko\/","name":"HTAN","description":"Fournisseur de solutions pour les pi\u00e8ces de ch\u00e2ssis industriels","publisher":{"@id":"https:\/\/hingesmanufacturers.com\/ko\/#organization"},"potentialAction":[{"@type":"SearchAction","target":{"@type":"EntryPoint","urlTemplate":"https:\/\/hingesmanufacturers.com\/ko\/?s={search_term_string}"},"query-input":{"@type":"PropertyValueSpecification","valueRequired":true,"valueName":"search_term_string"}}],"inLanguage":"fr-FR"},{"@type":"Organization","@id":"https:\/\/hingesmanufacturers.com\/ko\/#organization","name":"HTAN","url":"https:\/\/hingesmanufacturers.com\/ko\/","logo":{"@type":"ImageObject","inLanguage":"fr-FR","@id":"https:\/\/hingesmanufacturers.com\/ko\/#\/schema\/logo\/image\/","url":"https:\/\/hingesmanufacturers.com\/wp-content\/uploads\/2024\/11\/weibiaoti1.png","contentUrl":"https:\/\/hingesmanufacturers.com\/wp-content\/uploads\/2024\/11\/weibiaoti1.png","width":168,"height":57,"caption":"HTAN"},"image":{"@id":"https:\/\/hingesmanufacturers.com\/ko\/#\/schema\/logo\/image\/"}}]}},"acf":[],"_links":{"self":[{"href":"https:\/\/hingesmanufacturers.com\/fr\/wp-json\/wp\/v2\/pages\/499","targetHints":{"allow":["GET"]}}],"collection":[{"href":"https:\/\/hingesmanufacturers.com\/fr\/wp-json\/wp\/v2\/pages"}],"about":[{"href":"https:\/\/hingesmanufacturers.com\/fr\/wp-json\/wp\/v2\/types\/page"}],"author":[{"embeddable":true,"href":"https:\/\/hingesmanufacturers.com\/fr\/wp-json\/wp\/v2\/users\/1"}],"replies":[{"embeddable":true,"href":"https:\/\/hingesmanufacturers.com\/fr\/wp-json\/wp\/v2\/comments?post=499"}],"version-history":[{"count":8,"href":"https:\/\/hingesmanufacturers.com\/fr\/wp-json\/wp\/v2\/pages\/499\/revisions"}],"predecessor-version":[{"id":4793,"href":"https:\/\/hingesmanufacturers.com\/fr\/wp-json\/wp\/v2\/pages\/499\/revisions\/4793"}],"wp:attachment":[{"href":"https:\/\/hingesmanufacturers.com\/fr\/wp-json\/wp\/v2\/media?parent=499"}],"curies":[{"name":"wp","href":"https:\/\/api.w.org\/{rel}","templated":true}]}}