{"id":499,"date":"2024-01-08T15:30:32","date_gmt":"2024-01-08T15:30:32","guid":{"rendered":"https:\/\/b2b001.wpkz.cc\/?page_id=499"},"modified":"2025-01-07T03:51:38","modified_gmt":"2025-01-07T03:51:38","slug":"politica-de-privacidade","status":"publish","type":"page","link":"https:\/\/hingesmanufacturers.com\/pt\/privacy-policy\/","title":{"rendered":"Pol\u00edtica de privacidade"},"content":{"rendered":"<p>Em www.hingesmanufacturers.com (de agora em diante, ser\u00e1 referido como hingesmanufacturers.com), a privacidade do visitante \u00e9 uma preocupa\u00e7\u00e3o s\u00e9ria. Esta p\u00e1gina de pol\u00edtica de privacidade descreve que tipo de informa\u00e7\u00e3o pessoal pode ser recebida e recolhida por hingesmanufacturers.com e como a informa\u00e7\u00e3o ser\u00e1 utilizada.<\/p>\n\n\n\n<p><strong>An\u00fancios em motores de busca<\/strong><\/p>\n\n\n\n<p>Tal como muitos outros sites profissionais, hingesmanufacturers.com investe na publicidade na Internet. Os nossos parceiros de publicidade incluem o Google Ads. Para maximizar o ROI da publicidade online e encontrar clientes-alvo, hingesmanufacturers.com aplicou alguns c\u00f3digos de rastreio gerados por esses motores de busca para registar os IPs dos utilizadores e os fluxos de visualiza\u00e7\u00e3o das p\u00e1ginas.<\/p>\n\n\n\n<p><strong>Dados de contacto comercial<\/strong><\/p>\n\n\n\n<p>A identifica\u00e7\u00e3o do visitante e os dados de contacto introduzidos ser\u00e3o mantidos estritamente para uso interno da hingesmanufacturers.com. A hingesmanufacturers.com garantir\u00e1 a seguran\u00e7a e a utiliza\u00e7\u00e3o adequada desses dados.<\/p>\n\n\n\n<p><strong>Utiliza\u00e7\u00e3o da informa\u00e7\u00e3o<\/strong><\/p>\n\n\n\n<p>Apenas utilizaremos as informa\u00e7\u00f5es pessoais identific\u00e1veis do utilizador conforme descrito abaixo, exceto se o utilizador tiver consentido especificamente noutro tipo de utiliza\u00e7\u00e3o, quer no momento em que as informa\u00e7\u00f5es pessoais identific\u00e1veis s\u00e3o recolhidas junto do utilizador, quer atrav\u00e9s de outra forma de consentimento do utilizador:<\/p>\n\n\n\n<p>1. utilizaremos as informa\u00e7\u00f5es de identifica\u00e7\u00e3o pessoal para concluir as encomendas efectuadas pelo utilizador.<\/p>\n\n\n\n<p>2. utilizaremos as informa\u00e7\u00f5es de identifica\u00e7\u00e3o pessoal para lhe fornecer os servi\u00e7os espec\u00edficos que solicitou, por exemplo, para contactar um retalhista.<\/p>\n\n\n\n<p>3. utilizaremos as suas informa\u00e7\u00f5es de identifica\u00e7\u00e3o pessoal para responder \u00e0s perguntas que nos enviar.<\/p>\n\n\n\n<p>4. utilizaremos as suas informa\u00e7\u00f5es de identifica\u00e7\u00e3o pessoal para lhe enviar periodicamente mensagens de correio eletr\u00f3nico, tais como boletins informativos e avisos sobre as nossas promo\u00e7\u00f5es.<\/p>\n\n\n\n<p>5. podemos divulgar informa\u00e7\u00f5es de identifica\u00e7\u00e3o pessoal conforme exigido por lei ou processo legal.<\/p>\n\n\n\n<p>6. podemos divulgar informa\u00e7\u00f5es de identifica\u00e7\u00e3o pessoal para investigar suspeitas de fraude, ass\u00e9dio ou outras viola\u00e7\u00f5es de qualquer lei, regra ou regulamento, ou dos termos ou pol\u00edticas do s\u00edtio Web.<\/p>\n\n\n\n<p><strong>Opt Out\/Correc\u00e7\u00f5es<\/strong><\/p>\n\n\n\n<p>Mediante o seu pedido, iremos (a) corrigir ou atualizar a sua informa\u00e7\u00e3o pessoal; (b) parar de enviar e-mails para o seu endere\u00e7o de e-mail; e\/ou (c) desativar a sua conta para evitar quaisquer compras futuras atrav\u00e9s dessa conta. Pode fazer estes pedidos na sec\u00e7\u00e3o de informa\u00e7\u00e3o ao cliente, ou telefonando, ou enviando o seu pedido por e-mail para o departamento de Apoio ao Cliente de hingesmanufacturers.com em julius@haitangs.com.Please. N\u00e3o envie por e-mail o n\u00famero do seu cart\u00e3o de cr\u00e9dito ou outra informa\u00e7\u00e3o sens\u00edvel.<\/p>\n\n\n\n<p><\/p>","protected":false},"excerpt":{"rendered":"<p>On www.hingesmanufacturers.com (from now on,will be referred as hingesmanufacturers.com),visitor privacy is of our serious concern.This privacy policy page describes what kind of personal information may be received and collected by hingesmanufacturers.com and how the information will be used. Search Engine Ads As many other professional sites,hingesmanufacturers.com invest on the internet advertisement.Our advertise partners include Google [&hellip;]<\/p>\n","protected":false},"author":1,"featured_media":0,"parent":0,"menu_order":0,"comment_status":"closed","ping_status":"closed","template":"","meta":{"_acf_changed":false,"_gspb_post_css":"","footnotes":""},"class_list":["post-499","page","type-page","status-publish","hentry"],"blocksy_meta":{"page_structure_type":"type-3","styles_descriptor":{"styles":{"desktop":"","tablet":"","mobile":""},"google_fonts":[],"version":6}},"yoast_head":"<!-- This site is optimized with the Yoast SEO plugin v27.4 - https:\/\/yoast.com\/product\/yoast-seo-wordpress\/ -->\n<title>Privacy Policy - HTAN<\/title>\n<meta name=\"robots\" content=\"index, follow, max-snippet:-1, max-image-preview:large, max-video-preview:-1\" \/>\n<link rel=\"canonical\" href=\"https:\/\/hingesmanufacturers.com\/pt\/politica-de-privacidade\/\" \/>\n<meta property=\"og:locale\" content=\"pt_PT\" \/>\n<meta property=\"og:type\" content=\"article\" \/>\n<meta property=\"og:title\" content=\"Privacy Policy - HTAN\" \/>\n<meta property=\"og:description\" content=\"On www.hingesmanufacturers.com (from now on,will be referred as hingesmanufacturers.com),visitor privacy is of our serious concern.This privacy policy page describes what kind of personal information may be received and collected by hingesmanufacturers.com and how the information will be used. Search Engine Ads As many other professional sites,hingesmanufacturers.com invest on the internet advertisement.Our advertise partners include Google [&hellip;]\" \/>\n<meta property=\"og:url\" content=\"https:\/\/hingesmanufacturers.com\/pt\/politica-de-privacidade\/\" \/>\n<meta property=\"og:site_name\" content=\"HTAN\" \/>\n<meta property=\"article:modified_time\" content=\"2025-01-07T03:51:38+00:00\" \/>\n<meta name=\"twitter:card\" content=\"summary_large_image\" \/>\n<meta name=\"twitter:label1\" content=\"Tempo estimado de leitura\" \/>\n\t<meta name=\"twitter:data1\" content=\"2 minutos\" \/>\n<script type=\"application\/ld+json\" class=\"yoast-schema-graph\">{\"@context\":\"https:\\\/\\\/schema.org\",\"@graph\":[{\"@type\":\"WebPage\",\"@id\":\"https:\\\/\\\/hingesmanufacturers.com\\\/privacy-policy\\\/\",\"url\":\"https:\\\/\\\/hingesmanufacturers.com\\\/privacy-policy\\\/\",\"name\":\"Privacy Policy - HTAN\",\"isPartOf\":{\"@id\":\"https:\\\/\\\/hingesmanufacturers.com\\\/ko\\\/#website\"},\"datePublished\":\"2024-01-08T15:30:32+00:00\",\"dateModified\":\"2025-01-07T03:51:38+00:00\",\"breadcrumb\":{\"@id\":\"https:\\\/\\\/hingesmanufacturers.com\\\/privacy-policy\\\/#breadcrumb\"},\"inLanguage\":\"pt-PT\",\"potentialAction\":[{\"@type\":\"ReadAction\",\"target\":[\"https:\\\/\\\/hingesmanufacturers.com\\\/privacy-policy\\\/\"]}]},{\"@type\":\"BreadcrumbList\",\"@id\":\"https:\\\/\\\/hingesmanufacturers.com\\\/privacy-policy\\\/#breadcrumb\",\"itemListElement\":[{\"@type\":\"ListItem\",\"position\":1,\"name\":\"\u9996\u9875\",\"item\":\"https:\\\/\\\/hingesmanufacturers.com\\\/\"},{\"@type\":\"ListItem\",\"position\":2,\"name\":\"Privacy Policy\"}]},{\"@type\":\"WebSite\",\"@id\":\"https:\\\/\\\/hingesmanufacturers.com\\\/ko\\\/#website\",\"url\":\"https:\\\/\\\/hingesmanufacturers.com\\\/ko\\\/\",\"name\":\"HTAN\",\"description\":\"Industrial frame parts solution supplier\",\"publisher\":{\"@id\":\"https:\\\/\\\/hingesmanufacturers.com\\\/ko\\\/#organization\"},\"potentialAction\":[{\"@type\":\"SearchAction\",\"target\":{\"@type\":\"EntryPoint\",\"urlTemplate\":\"https:\\\/\\\/hingesmanufacturers.com\\\/ko\\\/?s={search_term_string}\"},\"query-input\":{\"@type\":\"PropertyValueSpecification\",\"valueRequired\":true,\"valueName\":\"search_term_string\"}}],\"inLanguage\":\"pt-PT\"},{\"@type\":\"Organization\",\"@id\":\"https:\\\/\\\/hingesmanufacturers.com\\\/ko\\\/#organization\",\"name\":\"HTAN\",\"url\":\"https:\\\/\\\/hingesmanufacturers.com\\\/ko\\\/\",\"logo\":{\"@type\":\"ImageObject\",\"inLanguage\":\"pt-PT\",\"@id\":\"https:\\\/\\\/hingesmanufacturers.com\\\/ko\\\/#\\\/schema\\\/logo\\\/image\\\/\",\"url\":\"https:\\\/\\\/hingesmanufacturers.com\\\/wp-content\\\/uploads\\\/2024\\\/11\\\/weibiaoti1.png\",\"contentUrl\":\"https:\\\/\\\/hingesmanufacturers.com\\\/wp-content\\\/uploads\\\/2024\\\/11\\\/weibiaoti1.png\",\"width\":168,\"height\":57,\"caption\":\"HTAN\"},\"image\":{\"@id\":\"https:\\\/\\\/hingesmanufacturers.com\\\/ko\\\/#\\\/schema\\\/logo\\\/image\\\/\"}}]}<\/script>\n<!-- \/ Yoast SEO plugin. -->","yoast_head_json":{"title":"Pol\u00edtica de privacidade - HTAN","robots":{"index":"index","follow":"follow","max-snippet":"max-snippet:-1","max-image-preview":"max-image-preview:large","max-video-preview":"max-video-preview:-1"},"canonical":"https:\/\/hingesmanufacturers.com\/pt\/politica-de-privacidade\/","og_locale":"pt_PT","og_type":"article","og_title":"Privacy Policy - HTAN","og_description":"On www.hingesmanufacturers.com (from now on,will be referred as hingesmanufacturers.com),visitor privacy is of our serious concern.This privacy policy page describes what kind of personal information may be received and collected by hingesmanufacturers.com and how the information will be used. Search Engine Ads As many other professional sites,hingesmanufacturers.com invest on the internet advertisement.Our advertise partners include Google [&hellip;]","og_url":"https:\/\/hingesmanufacturers.com\/pt\/politica-de-privacidade\/","og_site_name":"HTAN","article_modified_time":"2025-01-07T03:51:38+00:00","twitter_card":"summary_large_image","twitter_misc":{"Tempo estimado de leitura":"2 minutos"},"schema":{"@context":"https:\/\/schema.org","@graph":[{"@type":"WebPage","@id":"https:\/\/hingesmanufacturers.com\/privacy-policy\/","url":"https:\/\/hingesmanufacturers.com\/privacy-policy\/","name":"Pol\u00edtica de privacidade - HTAN","isPartOf":{"@id":"https:\/\/hingesmanufacturers.com\/ko\/#website"},"datePublished":"2024-01-08T15:30:32+00:00","dateModified":"2025-01-07T03:51:38+00:00","breadcrumb":{"@id":"https:\/\/hingesmanufacturers.com\/privacy-policy\/#breadcrumb"},"inLanguage":"pt-PT","potentialAction":[{"@type":"ReadAction","target":["https:\/\/hingesmanufacturers.com\/privacy-policy\/"]}]},{"@type":"BreadcrumbList","@id":"https:\/\/hingesmanufacturers.com\/privacy-policy\/#breadcrumb","itemListElement":[{"@type":"ListItem","position":1,"name":"\u9996\u9875","item":"https:\/\/hingesmanufacturers.com\/"},{"@type":"ListItem","position":2,"name":"Privacy Policy"}]},{"@type":"WebSite","@id":"https:\/\/hingesmanufacturers.com\/ko\/#website","url":"https:\/\/hingesmanufacturers.com\/ko\/","name":"HTAN","description":"Fornecedor de solu\u00e7\u00f5es de pe\u00e7as para estruturas industriais","publisher":{"@id":"https:\/\/hingesmanufacturers.com\/ko\/#organization"},"potentialAction":[{"@type":"SearchAction","target":{"@type":"EntryPoint","urlTemplate":"https:\/\/hingesmanufacturers.com\/ko\/?s={search_term_string}"},"query-input":{"@type":"PropertyValueSpecification","valueRequired":true,"valueName":"search_term_string"}}],"inLanguage":"pt-PT"},{"@type":"Organization","@id":"https:\/\/hingesmanufacturers.com\/ko\/#organization","name":"HTAN","url":"https:\/\/hingesmanufacturers.com\/ko\/","logo":{"@type":"ImageObject","inLanguage":"pt-PT","@id":"https:\/\/hingesmanufacturers.com\/ko\/#\/schema\/logo\/image\/","url":"https:\/\/hingesmanufacturers.com\/wp-content\/uploads\/2024\/11\/weibiaoti1.png","contentUrl":"https:\/\/hingesmanufacturers.com\/wp-content\/uploads\/2024\/11\/weibiaoti1.png","width":168,"height":57,"caption":"HTAN"},"image":{"@id":"https:\/\/hingesmanufacturers.com\/ko\/#\/schema\/logo\/image\/"}}]}},"acf":[],"_links":{"self":[{"href":"https:\/\/hingesmanufacturers.com\/pt\/wp-json\/wp\/v2\/pages\/499","targetHints":{"allow":["GET"]}}],"collection":[{"href":"https:\/\/hingesmanufacturers.com\/pt\/wp-json\/wp\/v2\/pages"}],"about":[{"href":"https:\/\/hingesmanufacturers.com\/pt\/wp-json\/wp\/v2\/types\/page"}],"author":[{"embeddable":true,"href":"https:\/\/hingesmanufacturers.com\/pt\/wp-json\/wp\/v2\/users\/1"}],"replies":[{"embeddable":true,"href":"https:\/\/hingesmanufacturers.com\/pt\/wp-json\/wp\/v2\/comments?post=499"}],"version-history":[{"count":8,"href":"https:\/\/hingesmanufacturers.com\/pt\/wp-json\/wp\/v2\/pages\/499\/revisions"}],"predecessor-version":[{"id":4793,"href":"https:\/\/hingesmanufacturers.com\/pt\/wp-json\/wp\/v2\/pages\/499\/revisions\/4793"}],"wp:attachment":[{"href":"https:\/\/hingesmanufacturers.com\/pt\/wp-json\/wp\/v2\/media?parent=499"}],"curies":[{"name":"wp","href":"https:\/\/api.w.org\/{rel}","templated":true}]}}