{"id":503,"date":"2024-01-08T15:30:56","date_gmt":"2024-01-08T15:30:56","guid":{"rendered":"https:\/\/b2b001.wpkz.cc\/?page_id=503"},"modified":"2024-01-13T13:01:49","modified_gmt":"2024-01-13T13:01:49","slug":"informacoes-logisticas","status":"publish","type":"page","link":"https:\/\/hingesmanufacturers.com\/pt\/logistics-information\/","title":{"rendered":"Informa\u00e7\u00f5es log\u00edsticas"},"content":{"rendered":"<p>\u8bf7\u6839\u636e\u81ea\u5df1\u7684\u9700\u6c42\u6dfb\u52a0\u5185\u5bb9<\/p>","protected":false},"excerpt":{"rendered":"<p>\u8bf7\u6839\u636e\u81ea\u5df1\u7684\u9700\u6c42\u6dfb\u52a0\u5185\u5bb9<\/p>","protected":false},"author":1,"featured_media":0,"parent":0,"menu_order":0,"comment_status":"closed","ping_status":"closed","template":"","meta":{"_acf_changed":false,"_gspb_post_css":"","footnotes":""},"class_list":["post-503","page","type-page","status-publish","hentry"],"blocksy_meta":{"page_structure_type":"type-3","styles_descriptor":{"styles":{"desktop":"","tablet":"","mobile":""},"google_fonts":[],"version":6}},"yoast_head":"<!-- This site is optimized with the Yoast SEO plugin v27.4 - https:\/\/yoast.com\/product\/yoast-seo-wordpress\/ -->\n<title>Logistics Information - HTAN<\/title>\n<meta name=\"robots\" content=\"index, follow, max-snippet:-1, max-image-preview:large, max-video-preview:-1\" \/>\n<link rel=\"canonical\" href=\"https:\/\/hingesmanufacturers.com\/pt\/informacoes-logisticas\/\" \/>\n<meta property=\"og:locale\" content=\"pt_PT\" \/>\n<meta property=\"og:type\" content=\"article\" \/>\n<meta property=\"og:title\" content=\"Logistics Information - HTAN\" \/>\n<meta property=\"og:description\" content=\"\u8bf7\u6839\u636e\u81ea\u5df1\u7684\u9700\u6c42\u6dfb\u52a0\u5185\u5bb9\" \/>\n<meta property=\"og:url\" content=\"https:\/\/hingesmanufacturers.com\/pt\/informacoes-logisticas\/\" \/>\n<meta property=\"og:site_name\" content=\"HTAN\" \/>\n<meta property=\"article:modified_time\" content=\"2024-01-13T13:01:49+00:00\" \/>\n<meta name=\"twitter:card\" content=\"summary_large_image\" \/>\n<script type=\"application\/ld+json\" class=\"yoast-schema-graph\">{\"@context\":\"https:\\\/\\\/schema.org\",\"@graph\":[{\"@type\":\"WebPage\",\"@id\":\"https:\\\/\\\/hingesmanufacturers.com\\\/logistics-information\\\/\",\"url\":\"https:\\\/\\\/hingesmanufacturers.com\\\/logistics-information\\\/\",\"name\":\"Logistics Information - HTAN\",\"isPartOf\":{\"@id\":\"https:\\\/\\\/hingesmanufacturers.com\\\/ko\\\/#website\"},\"datePublished\":\"2024-01-08T15:30:56+00:00\",\"dateModified\":\"2024-01-13T13:01:49+00:00\",\"breadcrumb\":{\"@id\":\"https:\\\/\\\/hingesmanufacturers.com\\\/logistics-information\\\/#breadcrumb\"},\"inLanguage\":\"pt-PT\",\"potentialAction\":[{\"@type\":\"ReadAction\",\"target\":[\"https:\\\/\\\/hingesmanufacturers.com\\\/logistics-information\\\/\"]}]},{\"@type\":\"BreadcrumbList\",\"@id\":\"https:\\\/\\\/hingesmanufacturers.com\\\/logistics-information\\\/#breadcrumb\",\"itemListElement\":[{\"@type\":\"ListItem\",\"position\":1,\"name\":\"\u9996\u9875\",\"item\":\"https:\\\/\\\/hingesmanufacturers.com\\\/\"},{\"@type\":\"ListItem\",\"position\":2,\"name\":\"Logistics Information\"}]},{\"@type\":\"WebSite\",\"@id\":\"https:\\\/\\\/hingesmanufacturers.com\\\/ko\\\/#website\",\"url\":\"https:\\\/\\\/hingesmanufacturers.com\\\/ko\\\/\",\"name\":\"HTAN\",\"description\":\"Industrial frame parts solution supplier\",\"publisher\":{\"@id\":\"https:\\\/\\\/hingesmanufacturers.com\\\/ko\\\/#organization\"},\"potentialAction\":[{\"@type\":\"SearchAction\",\"target\":{\"@type\":\"EntryPoint\",\"urlTemplate\":\"https:\\\/\\\/hingesmanufacturers.com\\\/ko\\\/?s={search_term_string}\"},\"query-input\":{\"@type\":\"PropertyValueSpecification\",\"valueRequired\":true,\"valueName\":\"search_term_string\"}}],\"inLanguage\":\"pt-PT\"},{\"@type\":\"Organization\",\"@id\":\"https:\\\/\\\/hingesmanufacturers.com\\\/ko\\\/#organization\",\"name\":\"HTAN\",\"url\":\"https:\\\/\\\/hingesmanufacturers.com\\\/ko\\\/\",\"logo\":{\"@type\":\"ImageObject\",\"inLanguage\":\"pt-PT\",\"@id\":\"https:\\\/\\\/hingesmanufacturers.com\\\/ko\\\/#\\\/schema\\\/logo\\\/image\\\/\",\"url\":\"https:\\\/\\\/hingesmanufacturers.com\\\/wp-content\\\/uploads\\\/2024\\\/11\\\/weibiaoti1.png\",\"contentUrl\":\"https:\\\/\\\/hingesmanufacturers.com\\\/wp-content\\\/uploads\\\/2024\\\/11\\\/weibiaoti1.png\",\"width\":168,\"height\":57,\"caption\":\"HTAN\"},\"image\":{\"@id\":\"https:\\\/\\\/hingesmanufacturers.com\\\/ko\\\/#\\\/schema\\\/logo\\\/image\\\/\"}}]}<\/script>\n<!-- \/ Yoast SEO plugin. -->","yoast_head_json":{"title":"Informa\u00e7\u00f5es log\u00edsticas - HTAN","robots":{"index":"index","follow":"follow","max-snippet":"max-snippet:-1","max-image-preview":"max-image-preview:large","max-video-preview":"max-video-preview:-1"},"canonical":"https:\/\/hingesmanufacturers.com\/pt\/informacoes-logisticas\/","og_locale":"pt_PT","og_type":"article","og_title":"Logistics Information - HTAN","og_description":"\u8bf7\u6839\u636e\u81ea\u5df1\u7684\u9700\u6c42\u6dfb\u52a0\u5185\u5bb9","og_url":"https:\/\/hingesmanufacturers.com\/pt\/informacoes-logisticas\/","og_site_name":"HTAN","article_modified_time":"2024-01-13T13:01:49+00:00","twitter_card":"summary_large_image","schema":{"@context":"https:\/\/schema.org","@graph":[{"@type":"WebPage","@id":"https:\/\/hingesmanufacturers.com\/logistics-information\/","url":"https:\/\/hingesmanufacturers.com\/logistics-information\/","name":"Informa\u00e7\u00f5es log\u00edsticas - HTAN","isPartOf":{"@id":"https:\/\/hingesmanufacturers.com\/ko\/#website"},"datePublished":"2024-01-08T15:30:56+00:00","dateModified":"2024-01-13T13:01:49+00:00","breadcrumb":{"@id":"https:\/\/hingesmanufacturers.com\/logistics-information\/#breadcrumb"},"inLanguage":"pt-PT","potentialAction":[{"@type":"ReadAction","target":["https:\/\/hingesmanufacturers.com\/logistics-information\/"]}]},{"@type":"BreadcrumbList","@id":"https:\/\/hingesmanufacturers.com\/logistics-information\/#breadcrumb","itemListElement":[{"@type":"ListItem","position":1,"name":"\u9996\u9875","item":"https:\/\/hingesmanufacturers.com\/"},{"@type":"ListItem","position":2,"name":"Logistics Information"}]},{"@type":"WebSite","@id":"https:\/\/hingesmanufacturers.com\/ko\/#website","url":"https:\/\/hingesmanufacturers.com\/ko\/","name":"HTAN","description":"Fornecedor de solu\u00e7\u00f5es de pe\u00e7as para estruturas industriais","publisher":{"@id":"https:\/\/hingesmanufacturers.com\/ko\/#organization"},"potentialAction":[{"@type":"SearchAction","target":{"@type":"EntryPoint","urlTemplate":"https:\/\/hingesmanufacturers.com\/ko\/?s={search_term_string}"},"query-input":{"@type":"PropertyValueSpecification","valueRequired":true,"valueName":"search_term_string"}}],"inLanguage":"pt-PT"},{"@type":"Organization","@id":"https:\/\/hingesmanufacturers.com\/ko\/#organization","name":"HTAN","url":"https:\/\/hingesmanufacturers.com\/ko\/","logo":{"@type":"ImageObject","inLanguage":"pt-PT","@id":"https:\/\/hingesmanufacturers.com\/ko\/#\/schema\/logo\/image\/","url":"https:\/\/hingesmanufacturers.com\/wp-content\/uploads\/2024\/11\/weibiaoti1.png","contentUrl":"https:\/\/hingesmanufacturers.com\/wp-content\/uploads\/2024\/11\/weibiaoti1.png","width":168,"height":57,"caption":"HTAN"},"image":{"@id":"https:\/\/hingesmanufacturers.com\/ko\/#\/schema\/logo\/image\/"}}]}},"acf":[],"_links":{"self":[{"href":"https:\/\/hingesmanufacturers.com\/pt\/wp-json\/wp\/v2\/pages\/503","targetHints":{"allow":["GET"]}}],"collection":[{"href":"https:\/\/hingesmanufacturers.com\/pt\/wp-json\/wp\/v2\/pages"}],"about":[{"href":"https:\/\/hingesmanufacturers.com\/pt\/wp-json\/wp\/v2\/types\/page"}],"author":[{"embeddable":true,"href":"https:\/\/hingesmanufacturers.com\/pt\/wp-json\/wp\/v2\/users\/1"}],"replies":[{"embeddable":true,"href":"https:\/\/hingesmanufacturers.com\/pt\/wp-json\/wp\/v2\/comments?post=503"}],"version-history":[{"count":1,"href":"https:\/\/hingesmanufacturers.com\/pt\/wp-json\/wp\/v2\/pages\/503\/revisions"}],"predecessor-version":[{"id":6993,"href":"https:\/\/hingesmanufacturers.com\/pt\/wp-json\/wp\/v2\/pages\/503\/revisions\/6993"}],"wp:attachment":[{"href":"https:\/\/hingesmanufacturers.com\/pt\/wp-json\/wp\/v2\/media?parent=503"}],"curies":[{"name":"wp","href":"https:\/\/api.w.org\/{rel}","templated":true}]}}